{"id":257344,"date":"2024-05-04T12:08:19","date_gmt":"2024-05-04T17:08:19","guid":{"rendered":"https:\/\/bertapolo.com\/?page_id=257344"},"modified":"2024-08-01T13:03:05","modified_gmt":"2024-08-01T18:03:05","slug":"bustos-y-alto-relieve","status":"publish","type":"page","link":"https:\/\/bertapolo.com\/?page_id=257344","title":{"rendered":"BUSTOS Y ALTO RELIEVE"},"content":{"rendered":"<p>[et_pb_section fb_built=\u00bb1&#8243; _builder_version=\u00bb4.27.0&#8243; _module_preset=\u00bbdefault\u00bb background_image=\u00bbhttps:\/\/bertapolo.com\/wp-content\/uploads\/2024\/04\/home-improvement-64.png\u00bb global_colors_info=\u00bb{}\u00bb][et_pb_row _builder_version=\u00bb4.27.0&#8243; _module_preset=\u00bbdefault\u00bb global_colors_info=\u00bb{}\u00bb][et_pb_column type=\u00bb4_4&#8243; _builder_version=\u00bb4.27.0&#8243; _module_preset=\u00bbdefault\u00bb global_colors_info=\u00bb{}\u00bb][dsm_gradient_text gradient_text=\u00bbBUSTOS Y ALTOS RELIEVES\u00bb _builder_version=\u00bb4.27.0&#8243; _module_preset=\u00bbdefault\u00bb header_font=\u00bb|800|||||||\u00bb text_orientation=\u00bbcenter\u00bb global_colors_info=\u00bb{}\u00bb][\/dsm_gradient_text][\/et_pb_column][\/et_pb_row][et_pb_row _builder_version=\u00bb4.27.0&#8243; _module_preset=\u00bbdefault\u00bb custom_padding=\u00bb|21px||||\u00bb global_colors_info=\u00bb{}\u00bb][et_pb_column type=\u00bb4_4&#8243; _builder_version=\u00bb4.27.0&#8243; _module_preset=\u00bbdefault\u00bb global_colors_info=\u00bb{}\u00bb][et_pb_text _builder_version=\u00bb4.27.0&#8243; _module_preset=\u00bbdefault\u00bb text_font=\u00bbActor||||||||\u00bb text_font_size=\u00bb16px\u00bb custom_margin=\u00bb|||31px||\u00bb global_colors_info=\u00bb{}\u00bb]<\/p>\n<p style=\"text-align: justify;\">Durante mis estudios de Licenciatura en Pintura siempre tuve pasi\u00f3n por la escultura, por ello ampli\u00e9 el conocimiento estudiando en la noche esta disciplina. Al\u00a0\u00a0 regresar a mi pa\u00eds, se me present\u00f3 la oportunidad de hacer el busto de Don Aar\u00f3n Cohen, de all\u00ed vinieron otros proyectos como el de Don Gabriel Lewis Galindo, Don Ferm\u00edn Chan, Don Manuel E. Ni\u00f1o y el alto relieve de Don Aquilino de la Guardia, los que me aportaron una grata experiencia en mi vida profesional sobre todo al ver la alegr\u00eda y emoci\u00f3n que sent\u00edan sus familiares.<\/p>\n<p>[\/et_pb_text][\/et_pb_column][\/et_pb_row][\/et_pb_section][et_pb_section fb_built=\u00bb1&#8243; _builder_version=\u00bb4.25.1&#8243; _module_preset=\u00bbdefault\u00bb global_colors_info=\u00bb{}\u00bb][et_pb_row column_structure=\u00bb1_3,1_3,1_3&#8243; _builder_version=\u00bb4.25.1&#8243; _module_preset=\u00bbdefault\u00bb global_colors_info=\u00bb{}\u00bb][et_pb_column type=\u00bb1_3&#8243; _builder_version=\u00bb4.25.1&#8243; _module_preset=\u00bbdefault\u00bb global_colors_info=\u00bb{}\u00bb][et_pb_image src=\u00bbhttps:\/\/bertapolo.com\/wp-content\/uploads\/2024\/05\/Alto-Relieve-1.jpg\u00bb title_text=\u00bbAlto Relieve 1&#8243; _builder_version=\u00bb4.25.1&#8243; _module_preset=\u00bbdefault\u00bb custom_margin=\u00bb||14px|||\u00bb animation_style=\u00bbslide\u00bb global_colors_info=\u00bb{}\u00bb][\/et_pb_image][dsm_gradient_text gradient_text=\u00bbAquilino De La Guardia\u00bb _builder_version=\u00bb4.25.1&#8243; _module_preset=\u00bbdefault\u00bb header_font=\u00bbActor|700|||||||\u00bb header_text_align=\u00bbcenter\u00bb custom_margin=\u00bb20px|||||\u00bb animation_style=\u00bbbounce\u00bb global_colors_info=\u00bb{}\u00bb][\/dsm_gradient_text][\/et_pb_column][et_pb_column type=\u00bb1_3&#8243; _builder_version=\u00bb4.25.1&#8243; _module_preset=\u00bbdefault\u00bb global_colors_info=\u00bb{}\u00bb][et_pb_image src=\u00bbhttps:\/\/bertapolo.com\/wp-content\/uploads\/2024\/05\/Busto-1.jpg\u00bb title_text=\u00bbBusto 1&#8243; _builder_version=\u00bb4.25.1&#8243; _module_preset=\u00bbdefault\u00bb custom_margin=\u00bb||55px|||\u00bb animation_style=\u00bbslide\u00bb global_colors_info=\u00bb{}\u00bb][\/et_pb_image][dsm_gradient_text gradient_text=\u00bbAron Cohen Cattan\u00bb _builder_version=\u00bb4.25.1&#8243; _module_preset=\u00bbdefault\u00bb header_font=\u00bbActor|700|||||||\u00bb header_text_align=\u00bbcenter\u00bb animation_style=\u00bbbounce\u00bb global_colors_info=\u00bb{}\u00bb][\/dsm_gradient_text][\/et_pb_column][et_pb_column type=\u00bb1_3&#8243; _builder_version=\u00bb4.25.1&#8243; _module_preset=\u00bbdefault\u00bb global_colors_info=\u00bb{}\u00bb][et_pb_image src=\u00bbhttps:\/\/bertapolo.com\/wp-content\/uploads\/2024\/05\/Busto-2.jpg\u00bb title_text=\u00bbBusto 2&#8243; _builder_version=\u00bb4.25.1&#8243; _module_preset=\u00bbdefault\u00bb animation_style=\u00bbslide\u00bb global_colors_info=\u00bb{}\u00bb][\/et_pb_image][dsm_gradient_text gradient_text=\u00bbFermin Chan\u00bb _builder_version=\u00bb4.25.1&#8243; _module_preset=\u00bbdefault\u00bb header_font=\u00bbActor|700|||||||\u00bb header_text_align=\u00bbcenter\u00bb animation_style=\u00bbbounce\u00bb global_colors_info=\u00bb{}\u00bb][\/dsm_gradient_text][\/et_pb_column][\/et_pb_row][\/et_pb_section][et_pb_section fb_built=\u00bb1&#8243; _builder_version=\u00bb4.25.1&#8243; _module_preset=\u00bbdefault\u00bb global_colors_info=\u00bb{}\u00bb][et_pb_row column_structure=\u00bb1_3,1_3,1_3&#8243; _builder_version=\u00bb4.25.1&#8243; _module_preset=\u00bbdefault\u00bb global_colors_info=\u00bb{}\u00bb][et_pb_column type=\u00bb1_3&#8243; _builder_version=\u00bb4.25.1&#8243; _module_preset=\u00bbdefault\u00bb global_colors_info=\u00bb{}\u00bb][et_pb_image src=\u00bbhttps:\/\/bertapolo.com\/wp-content\/uploads\/2024\/05\/Busto-4.jpg\u00bb title_text=\u00bbBusto 4&#8243; _builder_version=\u00bb4.25.1&#8243; _module_preset=\u00bbdefault\u00bb animation_style=\u00bbslide\u00bb global_colors_info=\u00bb{}\u00bb][\/et_pb_image][et_pb_text _builder_version=\u00bb4.25.1&#8243; _module_preset=\u00bbdefault\u00bb text_font=\u00bb|700|||||||\u00bb text_text_color=\u00bb#000000&#8243; text_line_height=\u00bb1.3em\u00bb animation_style=\u00bbslide\u00bb global_colors_info=\u00bb{}\u00bb]<\/p>\n<h2 style=\"text-align: center;\"><strong>Gabriel Lewis Galindo<\/strong><\/h2>\n<p style=\"text-align: center;\"><strong>En arcilla<\/strong><\/p>\n<p>[\/et_pb_text][\/et_pb_column][et_pb_column type=\u00bb1_3&#8243; _builder_version=\u00bb4.25.1&#8243; _module_preset=\u00bbdefault\u00bb global_colors_info=\u00bb{}\u00bb][et_pb_image src=\u00bbhttps:\/\/bertapolo.com\/wp-content\/uploads\/2024\/05\/Busto-5.jpg\u00bb title_text=\u00bbBusto 5&#8243; _builder_version=\u00bb4.25.1&#8243; _module_preset=\u00bbdefault\u00bb custom_padding=\u00bb||0px|||\u00bb animation_style=\u00bbslide\u00bb global_colors_info=\u00bb{}\u00bb][\/et_pb_image][et_pb_text _builder_version=\u00bb4.25.1&#8243; _module_preset=\u00bbdefault\u00bb text_font=\u00bb|700|||||||\u00bb text_text_color=\u00bb#000000&#8243; text_line_height=\u00bb1.3em\u00bb animation_style=\u00bbslide\u00bb global_colors_info=\u00bb{}\u00bb]<\/p>\n<h2 style=\"text-align: center;\"><strong>Gabriel Lewis Galindo<\/strong><\/h2>\n<p style=\"text-align: center;\"><strong>En bronce<\/strong><\/p>\n<p>[\/et_pb_text][\/et_pb_column][et_pb_column type=\u00bb1_3&#8243; _builder_version=\u00bb4.25.1&#8243; _module_preset=\u00bbdefault\u00bb global_colors_info=\u00bb{}\u00bb][et_pb_image src=\u00bbhttps:\/\/bertapolo.com\/wp-content\/uploads\/2024\/05\/Busto-3.jpg\u00bb title_text=\u00bbBusto 3&#8243; _builder_version=\u00bb4.25.1&#8243; _module_preset=\u00bbdefault\u00bb animation_style=\u00bbslide\u00bb global_colors_info=\u00bb{}\u00bb][\/et_pb_image][et_pb_text _builder_version=\u00bb4.27.0&#8243; _module_preset=\u00bbdefault\u00bb text_font=\u00bb|700|||||||\u00bb text_text_color=\u00bb#000000&#8243; text_line_height=\u00bb1.3em\u00bb animation_style=\u00bbslide\u00bb hover_enabled=\u00bb0&#8243; global_colors_info=\u00bb{}\u00bb sticky_enabled=\u00bb0&#8243;]<\/p>\n<h2 style=\"text-align: center;\"><strong>Gabriel Lewis Galindo<\/strong><\/h2>\n<p style=\"text-align: center;\"><strong>Proceso de elaboraci\u00f3n<\/strong><\/p>\n<p>[\/et_pb_text][\/et_pb_column][\/et_pb_row][et_pb_row column_structure=\u00bb1_3,1_3,1_3&#8243; _builder_version=\u00bb4.25.1&#8243; _module_preset=\u00bbdefault\u00bb global_colors_info=\u00bb{}\u00bb][et_pb_column type=\u00bb1_3&#8243; _builder_version=\u00bb4.25.1&#8243; _module_preset=\u00bbdefault\u00bb global_colors_info=\u00bb{}\u00bb][et_pb_image src=\u00bbhttps:\/\/bertapolo.com\/wp-content\/uploads\/2024\/05\/Busto-Nino-2.jpg\u00bb title_text=\u00bbBusto Nino 2&#8243; _builder_version=\u00bb4.25.1&#8243; _module_preset=\u00bbdefault\u00bb animation_style=\u00bbslide\u00bb global_colors_info=\u00bb{}\u00bb][\/et_pb_image][et_pb_text _builder_version=\u00bb4.25.1&#8243; _module_preset=\u00bbdefault\u00bb text_font=\u00bb|700|||||||\u00bb text_text_color=\u00bb#000000&#8243; text_line_height=\u00bb1.3em\u00bb animation_style=\u00bbslide\u00bb global_colors_info=\u00bb{}\u00bb]<\/p>\n<h2 style=\"text-align: center;\"><strong>Manuel E. Ni\u00f1o<\/strong><\/h2>\n<p style=\"text-align: center;\"><strong>En arcilla<\/strong><\/p>\n<p>[\/et_pb_text][\/et_pb_column][et_pb_column type=\u00bb1_3&#8243; _builder_version=\u00bb4.25.1&#8243; _module_preset=\u00bbdefault\u00bb global_colors_info=\u00bb{}\u00bb][et_pb_image src=\u00bbhttps:\/\/bertapolo.com\/wp-content\/uploads\/2024\/05\/SI850333-scaled.jpg\u00bb title_text=\u00bbSI850333&#8243; _builder_version=\u00bb4.25.1&#8243; _module_preset=\u00bbdefault\u00bb custom_padding=\u00bb||0px|||\u00bb animation_style=\u00bbslide\u00bb global_colors_info=\u00bb{}\u00bb][\/et_pb_image][et_pb_text _builder_version=\u00bb4.25.1&#8243; _module_preset=\u00bbdefault\u00bb text_font=\u00bb|700|||||||\u00bb text_text_color=\u00bb#000000&#8243; text_line_height=\u00bb1.3em\u00bb animation_style=\u00bbslide\u00bb global_colors_info=\u00bb{}\u00bb]<\/p>\n<h2 style=\"text-align: center;\"><strong>Manuel E. Ni\u00f1o<\/strong><\/h2>\n<p style=\"text-align: center;\"><strong>En bronce<\/strong><\/p>\n<p>[\/et_pb_text][\/et_pb_column][et_pb_column type=\u00bb1_3&#8243; _builder_version=\u00bb4.25.1&#8243; _module_preset=\u00bbdefault\u00bb global_colors_info=\u00bb{}\u00bb][et_pb_image src=\u00bbhttps:\/\/bertapolo.com\/wp-content\/uploads\/2024\/02\/Image_Editor-3-1.png\u00bb title_text=\u00bbImage_Editor-3 (1)\u00bb _builder_version=\u00bb4.25.1&#8243; _module_preset=\u00bbdefault\u00bb animation_style=\u00bbslide\u00bb global_colors_info=\u00bb{}\u00bb][\/et_pb_image][et_pb_text _builder_version=\u00bb4.25.1&#8243; _module_preset=\u00bbdefault\u00bb text_font=\u00bb|700|||||||\u00bb text_text_color=\u00bb#000000&#8243; text_line_height=\u00bb1.3em\u00bb animation_style=\u00bbslide\u00bb global_colors_info=\u00bb{}\u00bb]<\/p>\n<h2 style=\"text-align: center;\"><strong>Manuel E. Ni\u00f1o<\/strong><\/h2>\n<p style=\"text-align: center;\"><strong>Esculpiendo la imagen<\/strong><\/p>\n<p>[\/et_pb_text][\/et_pb_column][\/et_pb_row][\/et_pb_section]<\/p>\n","protected":false},"excerpt":{"rendered":"<p><div class=\"et_pb_module dsm_gradient_text dsm_gradient_text_0  et_pb_text_align_center\">\n\t\t\t\t\n\t\t\t\t\n\t\t\t\t\n\t\t\t\t\n\t\t\t\t\n\t\t\t\t\n\t\t\t\t<div class=\"et_pb_module_inner\">\n\t\t\t\t\t<h1 class=\"dsm-gradient-text et_pb_module_header\">BUSTOS Y ALTOS RELIEVES<\/h1>\n\t\t\t\t<\/div>\n\t\t\t<\/div>Durante mis estudios de Licenciatura en Pintura siempre tuve pasi\u00f3n por la escultura, por ello ampli\u00e9 el conocimiento estudiando en la noche esta disciplina. Al\u00a0\u00a0 regresar a mi pa\u00eds, se me present\u00f3 la oportunidad de hacer el busto de Don Aar\u00f3n Cohen, de all\u00ed vinieron otros proyectos como el de Don Gabriel Lewis Galindo, Don Ferm\u00edn Chan, Don Manuel E. Ni\u00f1o y el alto relieve de Don Aquilino de la Guardia, los que me aportaron una grata experiencia en mi vida profesional sobre todo al ver la alegr\u00eda y emoci\u00f3n que sent\u00edan sus familiares.<div class=\"et_pb_module dsm_gradient_text dsm_gradient_text_1 et_animated \">\n\t\t\t\t\n\t\t\t\t\n\t\t\t\t\n\t\t\t\t\n\t\t\t\t\n\t\t\t\t\n\t\t\t\t<div class=\"et_pb_module_inner\">\n\t\t\t\t\t<h1 class=\"dsm-gradient-text et_pb_module_header\">Aquilino De La Guardia<\/h1>\n\t\t\t\t<\/div>\n\t\t\t<\/div><div class=\"et_pb_module dsm_gradient_text dsm_gradient_text_2 et_animated \">\n\t\t\t\t\n\t\t\t\t\n\t\t\t\t\n\t\t\t\t\n\t\t\t\t\n\t\t\t\t\n\t\t\t\t<div class=\"et_pb_module_inner\">\n\t\t\t\t\t<h1 class=\"dsm-gradient-text et_pb_module_header\">Aron Cohen Cattan<\/h1>\n\t\t\t\t<\/div>\n\t\t\t<\/div><div class=\"et_pb_module dsm_gradient_text dsm_gradient_text_3 et_animated \">\n\t\t\t\t\n\t\t\t\t\n\t\t\t\t\n\t\t\t\t\n\t\t\t\t\n\t\t\t\t\n\t\t\t\t<div class=\"et_pb_module_inner\">\n\t\t\t\t\t<h1 class=\"dsm-gradient-text et_pb_module_header\">Fermin Chan<\/h1>\n\t\t\t\t<\/div>\n\t\t\t<\/div>Gabriel Lewis Galindo En arcillaGabriel Lewis Galindo En bronceGabriel Lewis Galindo Proceso de elaboraci\u00f3nManuel E. Ni\u00f1o En arcillaManuel E. Ni\u00f1o En bronceManuel E. Ni\u00f1o Esculpiendo la imagen<\/p>\n","protected":false},"author":2,"featured_media":0,"parent":0,"menu_order":0,"comment_status":"closed","ping_status":"closed","template":"","meta":{"_et_pb_use_builder":"on","_et_pb_old_content":"","_et_gb_content_width":"","footnotes":""},"class_list":["post-257344","page","type-page","status-publish","hentry"],"aioseo_notices":[],"_links":{"self":[{"href":"https:\/\/bertapolo.com\/index.php?rest_route=\/wp\/v2\/pages\/257344","targetHints":{"allow":["GET"]}}],"collection":[{"href":"https:\/\/bertapolo.com\/index.php?rest_route=\/wp\/v2\/pages"}],"about":[{"href":"https:\/\/bertapolo.com\/index.php?rest_route=\/wp\/v2\/types\/page"}],"author":[{"embeddable":true,"href":"https:\/\/bertapolo.com\/index.php?rest_route=\/wp\/v2\/users\/2"}],"replies":[{"embeddable":true,"href":"https:\/\/bertapolo.com\/index.php?rest_route=%2Fwp%2Fv2%2Fcomments&post=257344"}],"version-history":[{"count":22,"href":"https:\/\/bertapolo.com\/index.php?rest_route=\/wp\/v2\/pages\/257344\/revisions"}],"predecessor-version":[{"id":257808,"href":"https:\/\/bertapolo.com\/index.php?rest_route=\/wp\/v2\/pages\/257344\/revisions\/257808"}],"wp:attachment":[{"href":"https:\/\/bertapolo.com\/index.php?rest_route=%2Fwp%2Fv2%2Fmedia&parent=257344"}],"curies":[{"name":"wp","href":"https:\/\/api.w.org\/{rel}","templated":true}]}}