{"id":257322,"date":"2024-05-04T11:28:29","date_gmt":"2024-05-04T16:28:29","guid":{"rendered":"https:\/\/bertapolo.com\/?page_id=257322"},"modified":"2024-07-24T11:17:27","modified_gmt":"2024-07-24T16:17:27","slug":"museo-de-miraflores","status":"publish","type":"page","link":"https:\/\/bertapolo.com\/?page_id=257322","title":{"rendered":"Museo de Miraflores"},"content":{"rendered":"<p>[et_pb_section fb_built=\u00bb1&#8243; _builder_version=\u00bb4.27.0&#8243; _module_preset=\u00bbdefault\u00bb custom_padding=\u00bb10px||7px|||\u00bb global_colors_info=\u00bb{}\u00bb][et_pb_row _builder_version=\u00bb4.27.0&#8243; _module_preset=\u00bbdefault\u00bb custom_padding=\u00bb||19px|||\u00bb global_colors_info=\u00bb{}\u00bb][et_pb_column type=\u00bb4_4&#8243; _builder_version=\u00bb4.27.0&#8243; _module_preset=\u00bbdefault\u00bb global_colors_info=\u00bb{}\u00bb][dsm_gradient_text gradient_text=\u00bbMUSEO DE MIRAFLORES\u00bb _builder_version=\u00bb4.27.0&#8243; _module_preset=\u00bbdefault\u00bb header_font=\u00bb|800|||||||\u00bb text_orientation=\u00bbcenter\u00bb global_colors_info=\u00bb{}\u00bb][\/dsm_gradient_text][\/et_pb_column][\/et_pb_row][\/et_pb_section][et_pb_section fb_built=\u00bb1&#8243; _builder_version=\u00bb4.27.0&#8243; _module_preset=\u00bbdefault\u00bb background_image=\u00bbhttps:\/\/bertapolo.com\/wp-content\/uploads\/2024\/04\/home-improvement-64.png\u00bb custom_padding=\u00bb10px||14px|||\u00bb global_colors_info=\u00bb{}\u00bb][et_pb_row _builder_version=\u00bb4.27.0&#8243; _module_preset=\u00bbdefault\u00bb global_colors_info=\u00bb{}\u00bb][et_pb_column type=\u00bb4_4&#8243; _builder_version=\u00bb4.27.0&#8243; _module_preset=\u00bbdefault\u00bb global_colors_info=\u00bb{}\u00bb][et_pb_text _builder_version=\u00bb4.27.0&#8243; _module_preset=\u00bbdefault\u00bb custom_padding=\u00bb|||27px||\u00bb hover_enabled=\u00bb0&#8243; global_colors_info=\u00bb{}\u00bb text_font=\u00bbActor||||||||\u00bb text_font_size=\u00bb16px\u00bb sticky_enabled=\u00bb0&#8243;]<\/p>\n<p style=\"text-align: justify;\">Recib\u00ed una grata experiencia y responsabilidad en el a\u00f1o 2002 cuando acept\u00e9 por solicitud del arquitecto Arq. Eduardo P\u00e9rez, quien era el encargado del dise\u00f1o del Museo de Miraflores, ubicado junto al mirador de las esclusas del mismo nombre, en el CANAL DE PANAM\u00c1. \u00a0El arquitecto me pidi\u00f3 que le hiciera una copia tridimensional de las compuertas de estas esclusas.<\/p>\n<p style=\"text-align: justify;\">No fue f\u00e1cil para m\u00ed hacer este trabajo, pero con la fe en Dios acept\u00e9 este compromiso.<\/p>\n<p style=\"text-align: justify;\">\u00a0Para la realizaci\u00f3n de este delicado proyecto, viaj\u00e9 con el equipo de trabajadores a la ciudad de Col\u00f3n, donde se encuentra la Divisi\u00f3n de Mantenimiento de Flotas y Equipos (antigua Divisi\u00f3n Industrial), tambi\u00e9n llamada Astilleros Industriales, donde se hacen los arreglos de estas monumentales y pesadas compuertas.<\/p>\n<p style=\"text-align: justify;\">La posici\u00f3n horizontal en la que estaban, nos permiti\u00f3 tomar sin dificultad las medidas de: tres metros de alto por seis de ancho. \u00a0El material utilizado fue la fibra de vidrio y utilic\u00e9 p\u00e1tina al acabado, lo que permiti\u00f3 lograr con precisi\u00f3n esta obra que desempe\u00f1a un papel importante en el CANAL DE PANAM\u00c1<\/p>\n<p style=\"text-align: justify;\">Las fotos muestran todos los proyectos realizados en esta grandioso y educativo museo.<\/p>\n<p>[\/et_pb_text][\/et_pb_column][\/et_pb_row][\/et_pb_section][et_pb_section fb_built=\u00bb1&#8243; admin_label=\u00bbMap\u00bb _builder_version=\u00bb4.16&#8243; custom_padding=\u00bb0|10vw|||false|false\u00bb global_colors_info=\u00bb{}\u00bb][et_pb_row _builder_version=\u00bb4.25.0&#8243; _module_preset=\u00bbdefault\u00bb global_colors_info=\u00bb{}\u00bb][et_pb_column type=\u00bb4_4&#8243; _builder_version=\u00bb4.25.0&#8243; _module_preset=\u00bbdefault\u00bb global_colors_info=\u00bb{}\u00bb][dsm_masonry_gallery gallery_ids=\u00bb257324,257325,257326,257327,257328,257329,257330,257331,257332,257400,257401,257402,257403,257404,257408,257409,257425,257428&#8243; dsm_sort_images_order=\u00bbrand\u00bb use_lightbox=\u00bbon\u00bb use_zoom_on_hover=\u00bbon\u00bb _builder_version=\u00bb4.25.1&#8243; _module_preset=\u00bbdefault\u00bb global_colors_info=\u00bb{}\u00bb][\/dsm_masonry_gallery][dsm_masonry_gallery gallery_ids=\u00bb257536,257537,257538,257539,257540,257541,257542,257543,257544,257545,257547,257548&#8243; use_lightbox=\u00bbon\u00bb use_zoom_on_hover=\u00bbon\u00bb _builder_version=\u00bb4.25.1&#8243; _module_preset=\u00bbdefault\u00bb global_colors_info=\u00bb{}\u00bb][\/dsm_masonry_gallery][\/et_pb_column][\/et_pb_row][\/et_pb_section]<\/p>\n","protected":false},"excerpt":{"rendered":"<p><div class=\"et_pb_module dsm_gradient_text dsm_gradient_text_0  et_pb_text_align_center\">\n\t\t\t\t\n\t\t\t\t\n\t\t\t\t\n\t\t\t\t\n\t\t\t\t\n\t\t\t\t\n\t\t\t\t<div class=\"et_pb_module_inner\">\n\t\t\t\t\t<h1 class=\"dsm-gradient-text et_pb_module_header\">MUSEO DE MIRAFLORES<\/h1>\n\t\t\t\t<\/div>\n\t\t\t<\/div>Recib\u00ed una grata experiencia y responsabilidad en el a\u00f1o 2002 cuando acept\u00e9 por solicitud del arquitecto Arq. Eduardo P\u00e9rez, quien era el encargado del dise\u00f1o del Museo de Miraflores, ubicado junto al mirador de las esclusas del mismo nombre, en el CANAL DE PANAM\u00c1. \u00a0El arquitecto me pidi\u00f3 que le hiciera una copia tridimensional de las compuertas de estas esclusas. No fue f\u00e1cil para m\u00ed hacer este trabajo, pero con la fe en Dios acept\u00e9 este compromiso. \u00a0Para la realizaci\u00f3n de este delicado proyecto, viaj\u00e9 con el equipo de trabajadores a la ciudad de Col\u00f3n, donde se encuentra la Divisi\u00f3n de Mantenimiento de Flotas y Equipos (antigua Divisi\u00f3n Industrial), tambi\u00e9n llamada Astilleros Industriales, donde se hacen los arreglos de estas monumentales y pesadas compuertas. La posici\u00f3n horizontal en la que estaban, nos permiti\u00f3 tomar sin dificultad las medidas de: tres metros de alto por seis de ancho. \u00a0El material utilizado fue la fibra de vidrio y utilic\u00e9 p\u00e1tina al acabado, lo que permiti\u00f3 lograr con precisi\u00f3n esta obra que desempe\u00f1a un papel importante en el CANAL DE PANAM\u00c1 Las fotos muestran todos los proyectos realizados en esta grandioso y educativo museo.<div class=\"et_pb_module dsm_masonry_gallery dsm_masonry_gallery_0\">\n\t\t\t\t\n\t\t\t\t\n\t\t\t\t\n\t\t\t\t\n\t\t\t\t\n\t\t\t\t\n\t\t\t\t<div class=\"et_pb_module_inner\">\n\t\t\t\t\t<div class=\"dsm-gallery grid\" data-lightbox=\"false\" data-horizontalorder=\"true\">\n                <div class=\"grid-sizer\"><\/div><div class=\"gutter-sizer\"><\/div>\n             <\/div>\n\t\t\t\t<\/div>\n\t\t\t<\/div><\/p>\n","protected":false},"author":2,"featured_media":0,"parent":0,"menu_order":0,"comment_status":"closed","ping_status":"closed","template":"","meta":{"_et_pb_use_builder":"on","_et_pb_old_content":"","_et_gb_content_width":"","footnotes":""},"class_list":["post-257322","page","type-page","status-publish","hentry"],"aioseo_notices":[],"_links":{"self":[{"href":"https:\/\/bertapolo.com\/index.php?rest_route=\/wp\/v2\/pages\/257322","targetHints":{"allow":["GET"]}}],"collection":[{"href":"https:\/\/bertapolo.com\/index.php?rest_route=\/wp\/v2\/pages"}],"about":[{"href":"https:\/\/bertapolo.com\/index.php?rest_route=\/wp\/v2\/types\/page"}],"author":[{"embeddable":true,"href":"https:\/\/bertapolo.com\/index.php?rest_route=\/wp\/v2\/users\/2"}],"replies":[{"embeddable":true,"href":"https:\/\/bertapolo.com\/index.php?rest_route=%2Fwp%2Fv2%2Fcomments&post=257322"}],"version-history":[{"count":14,"href":"https:\/\/bertapolo.com\/index.php?rest_route=\/wp\/v2\/pages\/257322\/revisions"}],"predecessor-version":[{"id":257797,"href":"https:\/\/bertapolo.com\/index.php?rest_route=\/wp\/v2\/pages\/257322\/revisions\/257797"}],"wp:attachment":[{"href":"https:\/\/bertapolo.com\/index.php?rest_route=%2Fwp%2Fv2%2Fmedia&parent=257322"}],"curies":[{"name":"wp","href":"https:\/\/api.w.org\/{rel}","templated":true}]}}