{"id":257135,"date":"2024-04-19T22:39:27","date_gmt":"2024-04-20T03:39:27","guid":{"rendered":"https:\/\/bertapolo.com\/?page_id=257135"},"modified":"2024-07-27T10:42:24","modified_gmt":"2024-07-27T15:42:24","slug":"monumento-2","status":"publish","type":"page","link":"https:\/\/bertapolo.com\/?page_id=257135","title":{"rendered":"ESCULTURAS"},"content":{"rendered":"<p>[et_pb_section fb_built=\u00bb1&#8243; _builder_version=\u00bb4.27.0&#8243; _module_preset=\u00bbdefault\u00bb background_image=\u00bbhttps:\/\/bertapolo.com\/wp-content\/uploads\/2024\/04\/home-improvement-64.png\u00bb global_colors_info=\u00bb{}\u00bb][et_pb_row _builder_version=\u00bb4.27.0&#8243; _module_preset=\u00bbdefault\u00bb global_colors_info=\u00bb{}\u00bb][et_pb_column type=\u00bb4_4&#8243; _builder_version=\u00bb4.27.0&#8243; _module_preset=\u00bbdefault\u00bb global_colors_info=\u00bb{}\u00bb][dsm_gradient_text gradient_text=\u00bbRESTAURACIONES\u00bb _builder_version=\u00bb4.27.0&#8243; _module_preset=\u00bbdefault\u00bb header_font=\u00bb|800|||||||\u00bb text_orientation=\u00bbcenter\u00bb global_colors_info=\u00bb{}\u00bb][\/dsm_gradient_text][\/et_pb_column][\/et_pb_row][et_pb_row _builder_version=\u00bb4.27.0&#8243; _module_preset=\u00bbdefault\u00bb global_colors_info=\u00bb{}\u00bb][et_pb_column type=\u00bb4_4&#8243; _builder_version=\u00bb4.27.0&#8243; _module_preset=\u00bbdefault\u00bb global_colors_info=\u00bb{}\u00bb][et_pb_text _builder_version=\u00bb4.27.0&#8243; _module_preset=\u00bbdefault\u00bb text_font=\u00bbActor||||||||\u00bb text_font_size=\u00bb16px\u00bb custom_padding=\u00bb|15px||43px||\u00bb hover_enabled=\u00bb0&#8243; global_colors_info=\u00bb{}\u00bb sticky_enabled=\u00bb0&#8243;]<\/p>\n<p style=\"text-align: justify;\">Despu\u00e9s de realizar la primera obra escult\u00f3rica, se me present\u00f3 otro reto que no lo hab\u00eda experimentado durante mis estudios y as\u00ed decid\u00ed afrontar un compromiso m\u00e1s delicado, como lo es restauraci\u00f3n de monumentos escult\u00f3ricos.<\/p>\n<p style=\"text-align: justify;\">Acept\u00e9 este compromiso a pesar de que adem\u00e1s no contaba con los materiales apropiados, por ello tuve que trasladarme a la ciudad de M\u00e9xico para recibir asesor\u00eda de mis profesores expertos en esta materia y traer los materiales necesarios, para cumplir con este compromiso.<\/p>\n<p style=\"text-align: justify;\">El primer Monumento fue el del DR Justo Arosemena, que se encuentra en la Universidad de Panam\u00e1. Al salir victoriosa de esta primera experiencia me sent\u00ed confiada en restaurar el monumento al Dr. Gabriel Lewis Galindo que se encuentra en el Paseo Amador y posteriormente el del General Chang Kai Shek que se encuentra en el Centro Cultural Chino Paname\u00f1o.<\/p>\n<p>[\/et_pb_text][\/et_pb_column][\/et_pb_row][\/et_pb_section][et_pb_section fb_built=\u00bb1&#8243; _builder_version=\u00bb4.25.0&#8243; _module_preset=\u00bbdefault\u00bb background_color=\u00bb#D6D6D6&#8243; custom_padding=\u00bb||18px|||\u00bb global_colors_info=\u00bb{}\u00bb][et_pb_row column_structure=\u00bb1_3,1_3,1_3&#8243; _builder_version=\u00bb4.25.0&#8243; _module_preset=\u00bbdefault\u00bb custom_padding=\u00bb||18px|||\u00bb global_colors_info=\u00bb{}\u00bb][et_pb_column type=\u00bb1_3&#8243; _builder_version=\u00bb4.25.0&#8243; _module_preset=\u00bbdefault\u00bb global_colors_info=\u00bb{}\u00bb][dnxte_before_after dnxte_before_image=\u00bbhttps:\/\/bertapolo.com\/wp-content\/uploads\/2024\/05\/SI857796-rotated.jpg\u00bb dnxte_after_image=\u00bbhttps:\/\/bertapolo.com\/wp-content\/uploads\/2024\/05\/Monumento-3-1.5.jpg\u00bb _builder_version=\u00bb4.25.1&#8243; _module_preset=\u00bbdefault\u00bb global_colors_info=\u00bb{}\u00bb][\/dnxte_before_after][et_pb_text _builder_version=\u00bb4.25.1&#8243; _module_preset=\u00bbdefault\u00bb custom_margin=\u00bb-8px|||||\u00bb global_colors_info=\u00bb{}\u00bb]<\/p>\n<h3 style=\"text-align: center;\">Chiang Kai-shek<\/h3>\n<p>[\/et_pb_text][\/et_pb_column][et_pb_column type=\u00bb1_3&#8243; _builder_version=\u00bb4.25.0&#8243; _module_preset=\u00bbdefault\u00bb global_colors_info=\u00bb{}\u00bb][dnxte_before_after dnxte_before_image=\u00bbhttps:\/\/bertapolo.com\/wp-content\/uploads\/2024\/05\/Imagen2-1-2.jpg\u00bb dnxte_after_image=\u00bbhttps:\/\/bertapolo.com\/wp-content\/uploads\/2024\/05\/despues02-1.jpg\u00bb dnxte_after_label=\u00bbDepu\u00e9s\u00bb dnxte_show_labels=\u00bbon\u00bb dnxte_offset=\u00bb0.5&#8243; dnxte_move_hover=\u00bbon\u00bb _builder_version=\u00bb4.25.0&#8243; _module_preset=\u00bbdefault\u00bb custom_padding=\u00bb||1px|||\u00bb global_colors_info=\u00bb{}\u00bb][\/dnxte_before_after][et_pb_text _builder_version=\u00bb4.25.1&#8243; _module_preset=\u00bbdefault\u00bb custom_margin=\u00bb-8px|||||\u00bb global_colors_info=\u00bb{}\u00bb]<\/p>\n<h3 style=\"text-align: center;\"><strong>Don Justo Arosemena<\/strong><\/h3>\n<p>[\/et_pb_text][\/et_pb_column][et_pb_column type=\u00bb1_3&#8243; _builder_version=\u00bb4.25.0&#8243; _module_preset=\u00bbdefault\u00bb global_colors_info=\u00bb{}\u00bb][dnxte_before_after dnxte_before_image=\u00bbhttps:\/\/bertapolo.com\/wp-content\/uploads\/2024\/05\/Imagen1-1.jpg\u00bb dnxte_after_image=\u00bbhttps:\/\/bertapolo.com\/wp-content\/uploads\/2024\/05\/Imagen1-3-1.jpg\u00bb _builder_version=\u00bb4.25.1&#8243; _module_preset=\u00bbdefault\u00bb global_colors_info=\u00bb{}\u00bb][\/dnxte_before_after][et_pb_text _builder_version=\u00bb4.25.1&#8243; _module_preset=\u00bbdefault\u00bb custom_margin=\u00bb-8px|||||\u00bb global_colors_info=\u00bb{}\u00bb]<\/p>\n<h3 style=\"text-align: center;\"><strong>Don Gabriel Lewis Galindo<\/strong><\/h3>\n<p>[\/et_pb_text][\/et_pb_column][\/et_pb_row][\/et_pb_section][et_pb_section fb_built=\u00bb1&#8243; _builder_version=\u00bb4.25.1&#8243; _module_preset=\u00bbdefault\u00bb background_color=\u00bb#474747&#8243; custom_padding=\u00bb23px|||||\u00bb global_colors_info=\u00bb{}\u00bb][et_pb_row _builder_version=\u00bb4.25.1&#8243; _module_preset=\u00bbdefault\u00bb custom_padding=\u00bb||9px|||\u00bb global_colors_info=\u00bb{}\u00bb][et_pb_column type=\u00bb4_4&#8243; _builder_version=\u00bb4.25.1&#8243; _module_preset=\u00bbdefault\u00bb global_colors_info=\u00bb{}\u00bb][dsm_gradient_text gradient_text=\u00bbGabriel Lewis Galindo (ANTES)\u00bb _builder_version=\u00bb4.25.1&#8243; _module_preset=\u00bbdefault\u00bb header_font=\u00bbAcme|700|||||||\u00bb text_orientation=\u00bbcenter\u00bb global_colors_info=\u00bb{}\u00bb][\/dsm_gradient_text][\/et_pb_column][\/et_pb_row][et_pb_row _builder_version=\u00bb4.25.1&#8243; _module_preset=\u00bbdefault\u00bb global_colors_info=\u00bb{}\u00bb][et_pb_column type=\u00bb4_4&#8243; _builder_version=\u00bb4.25.1&#8243; _module_preset=\u00bbdefault\u00bb global_colors_info=\u00bb{}\u00bb][dsm_masonry_gallery gallery_ids=\u00bb257458,257460,257474&#8243; gutter=\u00bb4&#8243; use_lightbox=\u00bbon\u00bb use_zoom_on_hover=\u00bbon\u00bb _builder_version=\u00bb4.25.1&#8243; _module_preset=\u00bbdefault\u00bb global_colors_info=\u00bb{}\u00bb][\/dsm_masonry_gallery][dsm_gradient_text gradient_text=\u00bbGabriel Lewis Galindo (DESPU\u00c9S)\u00bb _builder_version=\u00bb4.25.1&#8243; _module_preset=\u00bbdefault\u00bb header_font=\u00bbAcme|700|||||||\u00bb text_orientation=\u00bbcenter\u00bb global_colors_info=\u00bb{}\u00bb][\/dsm_gradient_text][\/et_pb_column][\/et_pb_row][et_pb_row _builder_version=\u00bb4.25.1&#8243; _module_preset=\u00bbdefault\u00bb custom_padding=\u00bb10px|||||\u00bb global_colors_info=\u00bb{}\u00bb][et_pb_column type=\u00bb4_4&#8243; _builder_version=\u00bb4.25.1&#8243; _module_preset=\u00bbdefault\u00bb global_colors_info=\u00bb{}\u00bb][dsm_masonry_gallery gallery_ids=\u00bb257597,257595,257471&#8243; dsm_sort_images_order=\u00bbdate\u00bb use_lightbox=\u00bbon\u00bb use_zoom_on_hover=\u00bbon\u00bb _builder_version=\u00bb4.25.1&#8243; _module_preset=\u00bbdefault\u00bb global_colors_info=\u00bb{}\u00bb][\/dsm_masonry_gallery][\/et_pb_column][\/et_pb_row][\/et_pb_section][et_pb_section fb_built=\u00bb1&#8243; _builder_version=\u00bb4.25.0&#8243; _module_preset=\u00bbdefault\u00bb background_color=\u00bb#000000&#8243; custom_padding=\u00bb9px|||||\u00bb global_colors_info=\u00bb{}\u00bb][et_pb_row _builder_version=\u00bb4.25.1&#8243; _module_preset=\u00bbdefault\u00bb global_colors_info=\u00bb{}\u00bb][et_pb_column type=\u00bb4_4&#8243; _builder_version=\u00bb4.25.1&#8243; _module_preset=\u00bbdefault\u00bb global_colors_info=\u00bb{}\u00bb][dsm_gradient_text gradient_text=\u00bbDon Justo Arosemena (ANTES)\u00bb _builder_version=\u00bb4.25.1&#8243; _module_preset=\u00bbdefault\u00bb header_font=\u00bbAcme|700|||||||\u00bb header_font_size=\u00bb36px\u00bb text_orientation=\u00bbcenter\u00bb global_colors_info=\u00bb{}\u00bb][\/dsm_gradient_text][dsm_masonry_gallery gallery_ids=\u00bb257294,257295,257286&#8243; dsm_sort_images_order=\u00bbrand\u00bb use_lightbox=\u00bbon\u00bb use_zoom_on_hover=\u00bbon\u00bb _builder_version=\u00bb4.25.1&#8243; _module_preset=\u00bbdefault\u00bb global_colors_info=\u00bb{}\u00bb][\/dsm_masonry_gallery][dsm_gradient_text gradient_text=\u00bbDon Justo Arosemena (DESPU\u00c9S)\u00bb _builder_version=\u00bb4.25.1&#8243; _module_preset=\u00bbdefault\u00bb header_font=\u00bbAcme|700|||||||\u00bb header_font_size=\u00bb36px\u00bb text_orientation=\u00bbcenter\u00bb global_colors_info=\u00bb{}\u00bb][\/dsm_gradient_text][dsm_masonry_gallery gallery_ids=\u00bb257287,257146,257144&#8243; use_lightbox=\u00bbon\u00bb use_zoom_on_hover=\u00bbon\u00bb _builder_version=\u00bb4.25.1&#8243; _module_preset=\u00bbdefault\u00bb global_colors_info=\u00bb{}\u00bb][\/dsm_masonry_gallery][\/et_pb_column][\/et_pb_row][\/et_pb_section][et_pb_section fb_built=\u00bb1&#8243; _builder_version=\u00bb4.25.1&#8243; _module_preset=\u00bbdefault\u00bb background_color=\u00bb#474747&#8243; custom_padding=\u00bb23px|||||\u00bb global_colors_info=\u00bb{}\u00bb][et_pb_row _builder_version=\u00bb4.25.1&#8243; _module_preset=\u00bbdefault\u00bb custom_padding=\u00bb||9px|||\u00bb global_colors_info=\u00bb{}\u00bb][et_pb_column type=\u00bb4_4&#8243; _builder_version=\u00bb4.25.1&#8243; _module_preset=\u00bbdefault\u00bb global_colors_info=\u00bb{}\u00bb][dsm_gradient_text gradient_text=\u00bbChiang Kai-Shek (ANTES)\u00bb _builder_version=\u00bb4.25.1&#8243; _module_preset=\u00bbdefault\u00bb header_font=\u00bbAcme|700|||||||\u00bb text_orientation=\u00bbcenter\u00bb global_colors_info=\u00bb{}\u00bb][\/dsm_gradient_text][\/et_pb_column][\/et_pb_row][et_pb_row _builder_version=\u00bb4.25.1&#8243; _module_preset=\u00bbdefault\u00bb global_colors_info=\u00bb{}\u00bb][et_pb_column type=\u00bb4_4&#8243; _builder_version=\u00bb4.25.1&#8243; _module_preset=\u00bbdefault\u00bb global_colors_info=\u00bb{}\u00bb][dsm_masonry_gallery gallery_ids=\u00bb257501,257502,257503&#8243; gutter=\u00bb4&#8243; use_lightbox=\u00bbon\u00bb use_zoom_on_hover=\u00bbon\u00bb _builder_version=\u00bb4.25.1&#8243; _module_preset=\u00bbdefault\u00bb global_colors_info=\u00bb{}\u00bb][\/dsm_masonry_gallery][dsm_gradient_text gradient_text=\u00bbChiang Kai-Shek (DESPU\u00c9S)\u00bb _builder_version=\u00bb4.25.1&#8243; _module_preset=\u00bbdefault\u00bb header_font=\u00bbAcme|700|||||||\u00bb text_orientation=\u00bbcenter\u00bb global_colors_info=\u00bb{}\u00bb][\/dsm_gradient_text][\/et_pb_column][\/et_pb_row][et_pb_row _builder_version=\u00bb4.25.1&#8243; _module_preset=\u00bbdefault\u00bb custom_padding=\u00bb10px|||||\u00bb global_colors_info=\u00bb{}\u00bb][et_pb_column type=\u00bb4_4&#8243; _builder_version=\u00bb4.25.1&#8243; _module_preset=\u00bbdefault\u00bb global_colors_info=\u00bb{}\u00bb][dsm_masonry_gallery gallery_ids=\u00bb257508,257509,257510&#8243; use_lightbox=\u00bbon\u00bb use_zoom_on_hover=\u00bbon\u00bb _builder_version=\u00bb4.25.1&#8243; _module_preset=\u00bbdefault\u00bb global_colors_info=\u00bb{}\u00bb][\/dsm_masonry_gallery][\/et_pb_column][\/et_pb_row][\/et_pb_section][et_pb_section fb_built=\u00bb1&#8243; specialty=\u00bbon\u00bb prev_background_color=\u00bb#474747&#8243; padding_top_2=\u00bb10vw\u00bb admin_label=\u00bbFooter\u00bb _builder_version=\u00bb4.16&#8243; background_color=\u00bb#88caa6&#8243; background_image=\u00bbhttps:\/\/bertapolo.com\/wp-content\/uploads\/2024\/02\/home-improvement-13.png\u00bb parallax=\u00bbon\u00bb custom_margin=\u00bb||\u00bb custom_margin_tablet=\u00bb0px|||\u00bb custom_margin_last_edited=\u00bboff|tablet\u00bb custom_padding=\u00bb0|0px|36px|0px|false|false\u00bb top_divider_style=\u00bbslant\u00bb top_divider_height=\u00bb30%\u00bb top_divider_flip=\u00bbhorizontal\u00bb locked=\u00bboff\u00bb global_colors_info=\u00bb{}\u00bb][et_pb_column type=\u00bb1_2&#8243; specialty_columns=\u00bb2&#8243; _builder_version=\u00bb4.16&#8243; custom_padding=\u00bb|||\u00bb global_colors_info=\u00bb{}\u00bb custom_padding__hover=\u00bb|||\u00bb][\/et_pb_column][et_pb_column type=\u00bb1_2&#8243; _builder_version=\u00bb4.16&#8243; custom_padding=\u00bb|||\u00bb global_colors_info=\u00bb{}\u00bb custom_padding__hover=\u00bb|||\u00bb][\/et_pb_column][\/et_pb_section]<\/p>\n","protected":false},"excerpt":{"rendered":"<p><div class=\"et_pb_module dsm_gradient_text dsm_gradient_text_0  et_pb_text_align_center\">\n\t\t\t\t\n\t\t\t\t\n\t\t\t\t\n\t\t\t\t\n\t\t\t\t\n\t\t\t\t\n\t\t\t\t<div class=\"et_pb_module_inner\">\n\t\t\t\t\t<h1 class=\"dsm-gradient-text et_pb_module_header\">RESTAURACIONES<\/h1>\n\t\t\t\t<\/div>\n\t\t\t<\/div>Despu\u00e9s de realizar la primera obra escult\u00f3rica, se me present\u00f3 otro reto que no lo hab\u00eda experimentado durante mis estudios y as\u00ed decid\u00ed afrontar un compromiso m\u00e1s delicado, como lo es restauraci\u00f3n de monumentos escult\u00f3ricos. Acept\u00e9 este compromiso a pesar de que adem\u00e1s no contaba con los materiales apropiados, por ello tuve que trasladarme a la ciudad de M\u00e9xico para recibir asesor\u00eda de mis profesores expertos en esta materia y traer los materiales necesarios, para cumplir con este compromiso. El primer Monumento fue el del DR Justo Arosemena, que se encuentra en la Universidad de Panam\u00e1. Al salir victoriosa de esta primera experiencia me sent\u00ed confiada en restaurar el monumento al Dr. Gabriel Lewis Galindo que se encuentra en el Paseo Amador y posteriormente el del General Chang Kai Shek que se encuentra en el Centro Cultural Chino Paname\u00f1o.<div class=\"et_pb_module dnxte_before_after dnxte_before_after_0\">\n\t\t\t\t\n\t\t\t\t\n\t\t\t\t\n\t\t\t\t\n\t\t\t\t\n\t\t\t\t\n\t\t\t\t<div class=\"et_pb_module_inner\">\n\t\t\t\t\t<div class=\"dnxtecomparisonslide\" data-offset=\"0.7\" data-orientation=\"horizontal\" data-before-label=\"Antes\" data-after-label=\"Despu\u00e9s\" data-overlay=\"on\" data-moveslideronhover=\"off\" data-movewithhandleonly=\"on\" data-clicktomove=\"on\">\r\n\t\t\t\t<div class=\"dnxte_bf_img\"><img loading=\"lazy\" decoding=\"async\" width=\"768\" height=\"1024\" src=\"https:\/\/bertapolo.com\/wp-content\/uploads\/2024\/05\/SI857796-rotated.jpg\" alt=\"\" title=\"\" srcset=\"https:\/\/bertapolo.com\/wp-content\/uploads\/2024\/05\/SI857796-rotated.jpg 768w, https:\/\/bertapolo.com\/wp-content\/uploads\/2024\/05\/SI857796-480x640.jpg 480w\" sizes=\"(min-width: 0px) and (max-width: 480px) 480px, (min-width: 481px) 768px, 100vw\" class=\"wp-image-257430 twentytwenty-before\" \/><\/div>\r\n\t\t\t\t<div class=\"dnxte_af_img\"><img loading=\"lazy\" decoding=\"async\" width=\"768\" height=\"1024\" src=\"https:\/\/bertapolo.com\/wp-content\/uploads\/2024\/05\/Monumento-3-1.5.jpg\" alt=\"\" title=\"\" srcset=\"https:\/\/bertapolo.com\/wp-content\/uploads\/2024\/05\/Monumento-3-1.5.jpg 768w, https:\/\/bertapolo.com\/wp-content\/uploads\/2024\/05\/Monumento-3-1.5-480x640.jpg 480w\" sizes=\"(min-width: 0px) and (max-width: 480px) 480px, (min-width: 481px) 768px, 100vw\" class=\"wp-image-257431 twentytwenty-after\" \/><\/div>\r\n\t\t\t<\/div>\n\t\t\t\t<\/div>\n\t\t\t<\/div>Chiang Kai-shek<div class=\"et_pb_module dnxte_before_after dnxte_before_after_1\">\n\t\t\t\t\n\t\t\t\t\n\t\t\t\t\n\t\t\t\t\n\t\t\t\t\n\t\t\t\t\n\t\t\t\t<div class=\"et_pb_module_inner\">\n\t\t\t\t\t<div class=\"dnxtecomparisonslide\" data-offset=\"0.5\" data-orientation=\"horizontal\" data-before-label=\"Antes\" data-after-label=\"Depu\u00e9s\" data-overlay=\"on\" data-moveslideronhover=\"on\" data-movewithhandleonly=\"on\" data-clicktomove=\"on\">\r\n\t\t\t\t<div class=\"dnxte_bf_img\"><img loading=\"lazy\" decoding=\"async\" width=\"543\" height=\"722\" src=\"https:\/\/bertapolo.com\/wp-content\/uploads\/2024\/05\/Imagen2-1-2.jpg\" alt=\"\" title=\"\" srcset=\"https:\/\/bertapolo.com\/wp-content\/uploads\/2024\/05\/Imagen2-1-2.jpg 543w, https:\/\/bertapolo.com\/wp-content\/uploads\/2024\/05\/Imagen2-1-2-480x638.jpg 480w\" sizes=\"(min-width: 0px) and (max-width: 480px) 480px, (min-width: 481px) 543px, 100vw\" class=\"wp-image-257286 twentytwenty-before\" \/><\/div>\r\n\t\t\t\t<div class=\"dnxte_af_img\"><img loading=\"lazy\" decoding=\"async\" width=\"700\" height=\"900\" src=\"https:\/\/bertapolo.com\/wp-content\/uploads\/2024\/05\/despues02-1.jpg\" alt=\"\" title=\"\" srcset=\"https:\/\/bertapolo.com\/wp-content\/uploads\/2024\/05\/despues02-1.jpg 700w, https:\/\/bertapolo.com\/wp-content\/uploads\/2024\/05\/despues02-1-480x617.jpg 480w\" sizes=\"(min-width: 0px) and (max-width: 480px) 480px, (min-width: 481px) 700px, 100vw\" class=\"wp-image-257287 twentytwenty-after\" \/><\/div>\r\n\t\t\t<\/div>\n\t\t\t\t<\/div>\n\t\t\t<\/div>Don Justo Arosemena<div class=\"et_pb_module dnxte_before_after dnxte_before_after_2\">\n\t\t\t\t\n\t\t\t\t\n\t\t\t\t\n\t\t\t\t\n\t\t\t\t\n\t\t\t\t\n\t\t\t\t<div class=\"et_pb_module_inner\">\n\t\t\t\t\t<div class=\"dnxtecomparisonslide\" data-offset=\"0.7\" data-orientation=\"horizontal\" data-before-label=\"Antes\" data-after-label=\"Despu\u00e9s\" data-overlay=\"on\" data-moveslideronhover=\"off\" data-movewithhandleonly=\"on\" data-clicktomove=\"on\">\r\n\t\t\t\t<div class=\"dnxte_bf_img\"><img loading=\"lazy\" decoding=\"async\" width=\"760\" height=\"1013\" src=\"https:\/\/bertapolo.com\/wp-content\/uploads\/2024\/05\/Imagen1-1.jpg\" alt=\"\" title=\"\" srcset=\"https:\/\/bertapolo.com\/wp-content\/uploads\/2024\/05\/Imagen1-1.jpg 760w, https:\/\/bertapolo.com\/wp-content\/uploads\/2024\/05\/Imagen1-1-480x640.jpg 480w\" sizes=\"(min-width: 0px) and (max-width: 480px) 480px, (min-width: 481px) 760px, 100vw\" class=\"wp-image-257434 twentytwenty-before\" \/><\/div>\r\n\t\t\t\t<div class=\"dnxte_af_img\"><img loading=\"lazy\" decoding=\"async\" width=\"811\" height=\"1081\" src=\"https:\/\/bertapolo.com\/wp-content\/uploads\/2024\/05\/Imagen1-3-1.jpg\" alt=\"\" title=\"\" srcset=\"https:\/\/bertapolo.com\/wp-content\/uploads\/2024\/05\/Imagen1-3-1.jpg 811w, https:\/\/bertapolo.com\/wp-content\/uploads\/2024\/05\/Imagen1-3-1-480x640.jpg 480w\" sizes=\"(min-width: 0px) and (max-width: 480px) 480px, (min-width: 481px) 811px, 100vw\" class=\"wp-image-257435 twentytwenty-after\" \/><\/div>\r\n\t\t\t<\/div>\n\t\t\t\t<\/div>\n\t\t\t<\/div>Don Gabriel Lewis Galindo<div class=\"et_pb_module dsm_gradient_text dsm_gradient_text_1  et_pb_text_align_center\">\n\t\t\t\t\n\t\t\t\t\n\t\t\t\t\n\t\t\t\t\n\t\t\t\t\n\t\t\t\t\n\t\t\t\t<div class=\"et_pb_module_inner\">\n\t\t\t\t\t<h1 class=\"dsm-gradient-text et_pb_module_header\">Gabriel Lewis Galindo (ANTES)<\/h1>\n\t\t\t\t<\/div>\n\t\t\t<\/div><div class=\"et_pb_module dsm_masonry_gallery dsm_masonry_gallery_0\">\n\t\t\t\t\n\t\t\t\t\n\t\t\t\t\n\t\t\t\t\n\t\t\t\t\n\t\t\t\t\n\t\t\t\t<div class=\"et_pb_module_inner\">\n\t\t\t\t\t<div class=\"dsm-gallery grid dsm_masonry_zoom_hover\" data-lightbox=\"true\" data-horizontalorder=\"true\">\n                <div class=\"grid-sizer\"><\/div><div class=\"gutter-sizer\"><\/div><div class=\"grid-item\">\n                    <a href=\"https:\/\/bertapolo.com\/wp-content\/uploads\/2024\/05\/PHOTO-2024-05-18-21-28-12.jpg\"  data-title='PHOTO-2024-05-18-21-28-12'  data-caption='' data-mfp-src=\"https:\/\/bertapolo.com\/wp-content\/uploads\/2024\/05\/PHOTO-2024-05-18-21-28-12.jpg\">\n                        <div class=\"et_pb_image_wrap\">\n                            <img loading=\"lazy\" decoding=\"async\" src=\"https:\/\/bertapolo.com\/wp-content\/uploads\/2024\/05\/PHOTO-2024-05-18-21-28-12.jpg\" title=\"PHOTO-2024-05-18-21-28-12\" alt=\"\" class=\"dsm-skip-lazyload\" srcset=\"https:\/\/bertapolo.com\/wp-content\/uploads\/2024\/05\/PHOTO-2024-05-18-21-28-12.jpg 1000w, https:\/\/bertapolo.com\/wp-content\/uploads\/2024\/05\/PHOTO-2024-05-18-21-28-12-980x1306.jpg 980w, https:\/\/bertapolo.com\/wp-content\/uploads\/2024\/05\/PHOTO-2024-05-18-21-28-12-480x640.jpg 480w\" sizes=\"(min-width: 0px) and (max-width: 480px) 480px, (min-width: 481px) and (max-width: 980px) 980px, (min-width: 981px) 1000px, 100vw\" width=\"1000\" height=\"1333\" \/>\n                            \n                        <\/div>\n                    <\/a>\n                <\/div><div class=\"grid-item\">\n                    <a href=\"https:\/\/bertapolo.com\/wp-content\/uploads\/2024\/05\/PHOTO-2024-05-18-21-30-36.jpg\"  data-title='PHOTO-2024-05-18-21-30-36'  data-caption='' data-mfp-src=\"https:\/\/bertapolo.com\/wp-content\/uploads\/2024\/05\/PHOTO-2024-05-18-21-30-36.jpg\">\n                        <div class=\"et_pb_image_wrap\">\n                            <img loading=\"lazy\" decoding=\"async\" src=\"https:\/\/bertapolo.com\/wp-content\/uploads\/2024\/05\/PHOTO-2024-05-18-21-30-36.jpg\" title=\"PHOTO-2024-05-18-21-30-36\" alt=\"\" class=\"dsm-skip-lazyload\" srcset=\"https:\/\/bertapolo.com\/wp-content\/uploads\/2024\/05\/PHOTO-2024-05-18-21-30-36.jpg 1000w, https:\/\/bertapolo.com\/wp-content\/uploads\/2024\/05\/PHOTO-2024-05-18-21-30-36-980x1306.jpg 980w, https:\/\/bertapolo.com\/wp-content\/uploads\/2024\/05\/PHOTO-2024-05-18-21-30-36-480x640.jpg 480w\" sizes=\"(min-width: 0px) and (max-width: 480px) 480px, (min-width: 481px) and (max-width: 980px) 980px, (min-width: 981px) 1000px, 100vw\" width=\"1000\" height=\"1333\" \/>\n                            \n                        <\/div>\n                    <\/a>\n                <\/div><div class=\"grid-item\">\n                    <a href=\"https:\/\/bertapolo.com\/wp-content\/uploads\/2024\/05\/PHOTO-2024-05-18-21-30-38-2.jpg\"  data-title='PHOTO-2024-05-18-21-30-38 2'  data-caption='' data-mfp-src=\"https:\/\/bertapolo.com\/wp-content\/uploads\/2024\/05\/PHOTO-2024-05-18-21-30-38-2.jpg\">\n                        <div class=\"et_pb_image_wrap\">\n                            <img loading=\"lazy\" decoding=\"async\" src=\"https:\/\/bertapolo.com\/wp-content\/uploads\/2024\/05\/PHOTO-2024-05-18-21-30-38-2.jpg\" title=\"PHOTO-2024-05-18-21-30-38 2\" alt=\"\" class=\"dsm-skip-lazyload\" srcset=\"https:\/\/bertapolo.com\/wp-content\/uploads\/2024\/05\/PHOTO-2024-05-18-21-30-38-2.jpg 1000w, https:\/\/bertapolo.com\/wp-content\/uploads\/2024\/05\/PHOTO-2024-05-18-21-30-38-2-980x1306.jpg 980w, https:\/\/bertapolo.com\/wp-content\/uploads\/2024\/05\/PHOTO-2024-05-18-21-30-38-2-480x640.jpg 480w\" sizes=\"(min-width: 0px) and (max-width: 480px) 480px, (min-width: 481px) and (max-width: 980px) 980px, (min-width: 981px) 1000px, 100vw\" width=\"1000\" height=\"1333\" \/>\n                            \n                        <\/div>\n                    <\/a>\n                <\/div>\n             <\/div>\n\t\t\t\t<\/div>\n\t\t\t<\/div><div class=\"et_pb_module dsm_gradient_text dsm_gradient_text_2  et_pb_text_align_center\">\n\t\t\t\t\n\t\t\t\t\n\t\t\t\t\n\t\t\t\t\n\t\t\t\t\n\t\t\t\t\n\t\t\t\t<div class=\"et_pb_module_inner\">\n\t\t\t\t\t<h1 class=\"dsm-gradient-text et_pb_module_header\">Gabriel Lewis Galindo (DESPU\u00c9S)<\/h1>\n\t\t\t\t<\/div>\n\t\t\t<\/div><div class=\"et_pb_module dsm_masonry_gallery dsm_masonry_gallery_1\">\n\t\t\t\t\n\t\t\t\t\n\t\t\t\t\n\t\t\t\t\n\t\t\t\t\n\t\t\t\t\n\t\t\t\t<div class=\"et_pb_module_inner\">\n\t\t\t\t\t<div class=\"dsm-gallery grid\" data-lightbox=\"false\" data-horizontalorder=\"true\">\n                <div class=\"grid-sizer\"><\/div><div class=\"gutter-sizer\"><\/div><div class=\"grid-item\">\n                    <div class=\"et_pb_image_wrap\">\n                        <img loading=\"lazy\" decoding=\"async\" src=\"https:\/\/bertapolo.com\/wp-content\/uploads\/2024\/05\/01_PHOTO-2024-05-18-21-28-53.jpg\" title=\"01_PHOTO-2024-05-18-21-28-53\" alt=\"\" class=\"dsm-skip-lazyload\" srcset=\"https:\/\/bertapolo.com\/wp-content\/uploads\/2024\/05\/01_PHOTO-2024-05-18-21-28-53.jpg 1000w, https:\/\/bertapolo.com\/wp-content\/uploads\/2024\/05\/01_PHOTO-2024-05-18-21-28-53-980x1306.jpg 980w, https:\/\/bertapolo.com\/wp-content\/uploads\/2024\/05\/01_PHOTO-2024-05-18-21-28-53-480x640.jpg 480w\" sizes=\"(min-width: 0px) and (max-width: 480px) 480px, (min-width: 481px) and (max-width: 980px) 980px, (min-width: 981px) 1000px, 100vw\" width=\"1000\" height=\"1333\" \/>\n                        \n                    <\/div>\n                <\/div><div class=\"grid-item\">\n                    <div class=\"et_pb_image_wrap\">\n                        <img loading=\"lazy\" decoding=\"async\" src=\"https:\/\/bertapolo.com\/wp-content\/uploads\/2024\/05\/im-2.png\" title=\"im-2\" alt=\"\" class=\"dsm-skip-lazyload\" srcset=\"https:\/\/bertapolo.com\/wp-content\/uploads\/2024\/05\/im-2.png 960w, https:\/\/bertapolo.com\/wp-content\/uploads\/2024\/05\/im-2-480x640.png 480w\" sizes=\"(min-width: 0px) and (max-width: 480px) 480px, (min-width: 481px) 960px, 100vw\" width=\"960\" height=\"1280\" \/>\n                        \n                    <\/div>\n                <\/div>\n             <\/div>\n\t\t\t\t<\/div>\n\t\t\t<\/div><\/p>\n","protected":false},"author":2,"featured_media":0,"parent":0,"menu_order":0,"comment_status":"closed","ping_status":"closed","template":"","meta":{"_et_pb_use_builder":"on","_et_pb_old_content":"","_et_gb_content_width":"","footnotes":""},"class_list":["post-257135","page","type-page","status-publish","hentry"],"aioseo_notices":[],"_links":{"self":[{"href":"https:\/\/bertapolo.com\/index.php?rest_route=\/wp\/v2\/pages\/257135","targetHints":{"allow":["GET"]}}],"collection":[{"href":"https:\/\/bertapolo.com\/index.php?rest_route=\/wp\/v2\/pages"}],"about":[{"href":"https:\/\/bertapolo.com\/index.php?rest_route=\/wp\/v2\/types\/page"}],"author":[{"embeddable":true,"href":"https:\/\/bertapolo.com\/index.php?rest_route=\/wp\/v2\/users\/2"}],"replies":[{"embeddable":true,"href":"https:\/\/bertapolo.com\/index.php?rest_route=%2Fwp%2Fv2%2Fcomments&post=257135"}],"version-history":[{"count":36,"href":"https:\/\/bertapolo.com\/index.php?rest_route=\/wp\/v2\/pages\/257135\/revisions"}],"predecessor-version":[{"id":257801,"href":"https:\/\/bertapolo.com\/index.php?rest_route=\/wp\/v2\/pages\/257135\/revisions\/257801"}],"wp:attachment":[{"href":"https:\/\/bertapolo.com\/index.php?rest_route=%2Fwp%2Fv2%2Fmedia&parent=257135"}],"curies":[{"name":"wp","href":"https:\/\/api.w.org\/{rel}","templated":true}]}}