{"id":256983,"date":"2024-03-30T11:19:24","date_gmt":"2024-03-30T16:19:24","guid":{"rendered":"https:\/\/bertapolo.com\/?page_id=256983"},"modified":"2025-06-13T17:42:59","modified_gmt":"2025-06-13T22:42:59","slug":"videos","status":"publish","type":"page","link":"https:\/\/bertapolo.com\/?page_id=256983","title":{"rendered":"VIDEOS"},"content":{"rendered":"<p>[et_pb_section fb_built=\u00bb1&#8243; custom_padding_last_edited=\u00bbon|desktop\u00bb admin_label=\u00bbHeader\u00bb _builder_version=\u00bb4.16&#8243; background_color=\u00bb#ffffda\u00bb background_image=\u00bbhttps:\/\/bertapolo.com\/wp-content\/uploads\/2024\/02\/home-improvement-69.png\u00bb parallax=\u00bbon\u00bb custom_padding=\u00bb9vw||0vw||false|false\u00bb custom_padding_tablet=\u00bb||70px\u00bb custom_padding_phone=\u00bb\u00bb locked=\u00bboff\u00bb global_colors_info=\u00bb{}\u00bb][\/et_pb_section][et_pb_section fb_built=\u00bb1&#8243; padding_top_1=\u00bb0px\u00bb admin_label=\u00bbBlog\u00bb _builder_version=\u00bb4.16&#8243; use_background_color_gradient=\u00bbon\u00bb background_color_gradient_stops=\u00bb#ffffda 0%|#ffffff 30%\u00bb background_color_gradient_start=\u00bb#ffffda\u00bb background_color_gradient_end=\u00bb#ffffff\u00bb background_color_gradient_end_position=\u00bb30%\u00bb global_colors_info=\u00bb{}\u00bb][et_pb_row column_structure=\u00bb1_2,1_2&#8243; _builder_version=\u00bb4.27.4&#8243; _module_preset=\u00bbdefault\u00bb hover_enabled=\u00bb0&#8243; global_colors_info=\u00bb{}\u00bb sticky_enabled=\u00bb0&#8243;][et_pb_column type=\u00bb1_2&#8243; _builder_version=\u00bb4.24.2&#8243; _module_preset=\u00bbdefault\u00bb global_colors_info=\u00bb{}\u00bb][et_pb_video src=\u00bbhttps:\/\/youtu.be\/6hl8k-O_lxc\u00bb _builder_version=\u00bb4.25.0&#8243; _module_preset=\u00bbdefault\u00bb border_width_all=\u00bb9px\u00bb border_color_all=\u00bb#E09900&#8243; global_colors_info=\u00bb{}\u00bb][\/et_pb_video][\/et_pb_column][et_pb_column type=\u00bb1_2&#8243; _builder_version=\u00bb4.24.2&#8243; _module_preset=\u00bbdefault\u00bb global_colors_info=\u00bb{}\u00bb][et_pb_video src=\u00bbhttps:\/\/youtu.be\/jxqf5E4GbY4&#8243; _builder_version=\u00bb4.25.0&#8243; _module_preset=\u00bbdefault\u00bb border_width_all=\u00bb7px\u00bb border_color_all=\u00bb#E09900&#8243; global_colors_info=\u00bb{}\u00bb][\/et_pb_video][\/et_pb_column][\/et_pb_row][\/et_pb_section][et_pb_section fb_built=\u00bb1&#8243; theme_builder_area=\u00bbpost_content\u00bb _builder_version=\u00bb4.27.4&#8243; _module_preset=\u00bbdefault\u00bb][et_pb_row _builder_version=\u00bb4.27.4&#8243; _module_preset=\u00bbdefault\u00bb theme_builder_area=\u00bbpost_content\u00bb][et_pb_column _builder_version=\u00bb4.27.4&#8243; _module_preset=\u00bbdefault\u00bb theme_builder_area=\u00bbpost_content\u00bb type=\u00bb4_4&#8243;][et_pb_video src=\u00bbhttps:\/\/bertapolo.com\/wp-content\/uploads\/2025\/06\/WhatsApp-Video-2025-06-13-at-14.16.11-3.mp4&#8243; _builder_version=\u00bb4.27.4&#8243; _module_preset=\u00bbdefault\u00bb theme_builder_area=\u00bbpost_content\u00bb hover_enabled=\u00bb0&#8243; sticky_enabled=\u00bb0&#8243;][\/et_pb_video][\/et_pb_column][\/et_pb_row][et_pb_row _builder_version=\u00bb4.27.4&#8243; _module_preset=\u00bbdefault\u00bb theme_builder_area=\u00bbpost_content\u00bb][et_pb_column _builder_version=\u00bb4.27.4&#8243; _module_preset=\u00bbdefault\u00bb type=\u00bb4_4&#8243; theme_builder_area=\u00bbpost_content\u00bb][et_pb_counters _builder_version=\u00bb4.27.4&#8243; _module_preset=\u00bbdefault\u00bb theme_builder_area=\u00bbpost_content\u00bb hover_enabled=\u00bb0&#8243; sticky_enabled=\u00bb0&#8243; percent_font=\u00bbABeeZee|700|||||||\u00bb percent_text_color=\u00bb#FFFFFF\u00bb][et_pb_counter percent=\u00bb50&#8243; _builder_version=\u00bb4.27.4&#8243; _module_preset=\u00bbdefault\u00bb theme_builder_area=\u00bbpost_content\u00bb bar_background_color_default=\u00bb#7EBEC5&#8243; use_percentages=\u00bbon\u00bb hover_enabled=\u00bb0&#8243; sticky_enabled=\u00bb0&#8243;]<\/p>\n<p>Tuve la grandiosa oportunidad de recibir una invitaci\u00f3n por parte del Club de Lectura y Liderazgo, para participar en la conferencia titulada *Mas all\u00e1 del Lienzo: Desaf\u00edo de las adversidades con creatividad e innovaci\u00f3n art\u00edstica.  La misma se celebro el dia29 de Mayo en el hotel Westin Costa del Este.<\/p>\n<p>[\/et_pb_counter][\/et_pb_counters][\/et_pb_column][\/et_pb_row][\/et_pb_section]<\/p>\n","protected":false},"excerpt":{"rendered":"<p>Tuve la grandiosa oportunidad de recibir una invitaci\u00f3n por parte del Club de Lectura y Liderazgo, para participar en la conferencia titulada *Mas all\u00e1 del Lienzo: Desaf\u00edo de las adversidades con creatividad e innovaci\u00f3n art\u00edstica. La misma se celebro el dia29 de Mayo en el hotel Westin Costa del Este.<\/p>\n","protected":false},"author":1,"featured_media":0,"parent":0,"menu_order":0,"comment_status":"closed","ping_status":"closed","template":"","meta":{"_et_pb_use_builder":"on","_et_pb_old_content":"","_et_gb_content_width":"","footnotes":""},"class_list":["post-256983","page","type-page","status-publish","hentry"],"aioseo_notices":[],"_links":{"self":[{"href":"https:\/\/bertapolo.com\/index.php?rest_route=\/wp\/v2\/pages\/256983","targetHints":{"allow":["GET"]}}],"collection":[{"href":"https:\/\/bertapolo.com\/index.php?rest_route=\/wp\/v2\/pages"}],"about":[{"href":"https:\/\/bertapolo.com\/index.php?rest_route=\/wp\/v2\/types\/page"}],"author":[{"embeddable":true,"href":"https:\/\/bertapolo.com\/index.php?rest_route=\/wp\/v2\/users\/1"}],"replies":[{"embeddable":true,"href":"https:\/\/bertapolo.com\/index.php?rest_route=%2Fwp%2Fv2%2Fcomments&post=256983"}],"version-history":[{"count":6,"href":"https:\/\/bertapolo.com\/index.php?rest_route=\/wp\/v2\/pages\/256983\/revisions"}],"predecessor-version":[{"id":257820,"href":"https:\/\/bertapolo.com\/index.php?rest_route=\/wp\/v2\/pages\/256983\/revisions\/257820"}],"wp:attachment":[{"href":"https:\/\/bertapolo.com\/index.php?rest_route=%2Fwp%2Fv2%2Fmedia&parent=256983"}],"curies":[{"name":"wp","href":"https:\/\/api.w.org\/{rel}","templated":true}]}}