{"id":256945,"date":"2024-03-23T20:20:48","date_gmt":"2024-03-23T19:20:48","guid":{"rendered":"https:\/\/bertapolo.com\/?page_id=256945"},"modified":"2024-07-29T18:24:45","modified_gmt":"2024-07-29T23:24:45","slug":"color-de-panama-en-taiwan","status":"publish","type":"page","link":"https:\/\/bertapolo.com\/?page_id=256945","title":{"rendered":"Colecci\u00f3n Esencia y color de Panam\u00e1 en Taiwan"},"content":{"rendered":"<p>[et_pb_section fb_built=\u00bb1&#8243; custom_padding_last_edited=\u00bbon|desktop\u00bb admin_label=\u00bbHeader\u00bb _builder_version=\u00bb4.16&#8243; background_color=\u00bb#ffffda\u00bb background_image=\u00bbhttps:\/\/bertapolo.com\/wp-content\/uploads\/2024\/02\/home-improvement-69.png\u00bb parallax=\u00bbon\u00bb custom_padding=\u00bb5vw||0vw||false|false\u00bb custom_padding_tablet=\u00bb||70px\u00bb custom_padding_phone=\u00bb\u00bb locked=\u00bboff\u00bb global_colors_info=\u00bb{}\u00bb][et_pb_row _builder_version=\u00bb4.24.2&#8243; _module_preset=\u00bbdefault\u00bb animation_style=\u00bbbounce\u00bb global_colors_info=\u00bb{}\u00bb][et_pb_column type=\u00bb4_4&#8243; _builder_version=\u00bb4.24.2&#8243; _module_preset=\u00bbdefault\u00bb global_colors_info=\u00bb{}\u00bb][dsm_gradient_text gradient_text=\u00bbEsencia y color de Panam\u00e1 En Taiw\u00e1n\u00bb _builder_version=\u00bb4.25.1&#8243; _module_preset=\u00bbdefault\u00bb header_font=\u00bbAcme|700|||||||\u00bb header_font_size=\u00bb47px\u00bb text_orientation=\u00bbcenter\u00bb global_colors_info=\u00bb{}\u00bb][\/dsm_gradient_text][\/et_pb_column][\/et_pb_row][et_pb_row column_structure=\u00bb3_5,2_5&#8243; _builder_version=\u00bb4.25.0&#8243; _module_preset=\u00bbdefault\u00bb width=\u00bb92%\u00bb max_width=\u00bb1349px\u00bb animation_style=\u00bbslide\u00bb global_colors_info=\u00bb{}\u00bb][et_pb_column type=\u00bb3_5&#8243; _builder_version=\u00bb4.24.2&#8243; _module_preset=\u00bbdefault\u00bb background_color=\u00bbrgba(255,255,255,0.46)\u00bb global_colors_info=\u00bb{}\u00bb][et_pb_text _builder_version=\u00bb4.27.0&#8243; _module_preset=\u00bbdefault\u00bb text_font=\u00bbActor||||||||\u00bb text_font_size=\u00bb16px\u00bb text_line_height=\u00bb1.4em\u00bb header_line_height=\u00bb1.2em\u00bb custom_margin=\u00bb|-36px||||\u00bb custom_padding=\u00bb|32px||7px||\u00bb hover_enabled=\u00bb0&#8243; global_colors_info=\u00bb{}\u00bb sticky_enabled=\u00bb0&#8243;]<\/p>\n<p>La colecci\u00f3n <strong>\u201cEsencia y color de Panam\u00e1 en Taiw\u00e1n\u201d<\/strong>, es el resultado de una grata y emotiva invitaci\u00f3n que me hizo el Dr. Alfredo Martiz, Embajador de Panam\u00e1 en la Rep\u00fablica de Taiw\u00e1n, para que exhibiera mi muestra pict\u00f3rica en este pa\u00eds asi\u00e1tico.<\/p>\n<p>Dif\u00edcil fue para m\u00ed encontrar que temas puedo llevar a un pa\u00eds donde el arte es uno de sus principales tesoros. Al reflexionar me dije: Panam\u00e1 tiene la flora y fauna que embellece nuestro suelo tropical, al igual que la alegr\u00eda del paname\u00f1o con sus vistosos colores que adornan los vestidos de nuestro folclor.<\/p>\n<p>Todas estas interrogantes me ayudaron a elegir el t\u00edtulo de la exposici\u00f3n,<\/p>\n<p><strong>\u201cEsencia y color de Panam\u00e1 en Taiw\u00e1n\u201d<\/strong><\/p>\n<p>Fueron muchos los detalles brindados por los organizadores de este evento cultural que me llenaron de mucha emoci\u00f3n, entre ellos podemos destacar que los transportes colectivos publicitaban la exposici\u00f3n, donde el nombre de Panam\u00e1 s\u00e9 lucia en las calles de esta hermosa ciudad asi\u00e1tica. Otro aspecto importante fue que eligieron un Sitio Hist\u00f3rico Municipal llamado Kishu An para exponer esta muestra pict\u00f3rica, la que le dio realce a esta fiesta con el arte.<\/p>\n<p>Dentro de estas emociones quiero resaltar tambi\u00e9n que en la noche inaugural el Canciller Sim\u00f3n Ho anunci\u00f3 que esta exposici\u00f3n se presentara posteriormente en la sala de exhibiciones del Ministerio de Relaciones Exteriores y seguidamente se llevara a todas las ciudades de este grandioso pa\u00eds asi\u00e1tico, hecho que me lleno de mucha emoci\u00f3n y alegr\u00eda por tantas muestras de afecto.<\/p>\n<p>Les invito a que juntos disfrutemos Esencia y color de Panam\u00e1 en Taiw\u00e1n.<\/p>\n<p>[\/et_pb_text][\/et_pb_column][et_pb_column type=\u00bb2_5&#8243; _builder_version=\u00bb4.24.2&#8243; _module_preset=\u00bbdefault\u00bb background_color=\u00bbrgba(255,255,255,0.46)\u00bb global_colors_info=\u00bb{}\u00bb][et_pb_image src=\u00bbhttps:\/\/bertapolo.com\/wp-content\/uploads\/2024\/04\/09.png\u00bb title_text=\u00bb-09&#8243; _builder_version=\u00bb4.25.0&#8243; _module_preset=\u00bbdefault\u00bb custom_padding=\u00bb38px|||||\u00bb global_colors_info=\u00bb{}\u00bb][\/et_pb_image][\/et_pb_column][\/et_pb_row][\/et_pb_section][et_pb_section fb_built=\u00bb1&#8243; _builder_version=\u00bb4.24.2&#8243; _module_preset=\u00bbdefault\u00bb custom_padding=\u00bb||0px|||\u00bb global_colors_info=\u00bb{}\u00bb][et_pb_row use_custom_gutter=\u00bbon\u00bb make_equal=\u00bbon\u00bb _builder_version=\u00bb4.25.0&#8243; _module_preset=\u00bbdefault\u00bb width=\u00bb100%\u00bb max_width=\u00bb1790px\u00bb module_alignment=\u00bbcenter\u00bb animation_style=\u00bbslide\u00bb global_colors_info=\u00bb{}\u00bb][et_pb_column type=\u00bb4_4&#8243; _builder_version=\u00bb4.24.2&#8243; _module_preset=\u00bbdefault\u00bb global_colors_info=\u00bb{}\u00bb][dsm_masonry_gallery gallery_ids=\u00bb257011,257012,257023,257013,257014,257015,257019,257016,257017,257018,257020,257010&#8243; lazyload=\u00bbon\u00bb use_lightbox=\u00bbon\u00bb use_zoom_on_hover=\u00bbon\u00bb _builder_version=\u00bb4.24.3&#8243; _module_preset=\u00bbdefault\u00bb animation_style=\u00bbzoom\u00bb global_colors_info=\u00bb{}\u00bb][\/dsm_masonry_gallery][\/et_pb_column][\/et_pb_row][\/et_pb_section][et_pb_section fb_built=\u00bb1&#8243; _builder_version=\u00bb4.25.0&#8243; _module_preset=\u00bbdefault\u00bb background_color=\u00bbrgba(237,240,0,0.13)\u00bb custom_padding=\u00bb||17px|||\u00bb animation_style=\u00bbfold\u00bb global_colors_info=\u00bb{}\u00bb][et_pb_row _builder_version=\u00bb4.24.3&#8243; _module_preset=\u00bbdefault\u00bb custom_margin=\u00bb-55px|auto||auto||\u00bb custom_padding=\u00bb33px|||||\u00bb global_colors_info=\u00bb{}\u00bb][et_pb_column type=\u00bb4_4&#8243; _builder_version=\u00bb4.24.3&#8243; _module_preset=\u00bbdefault\u00bb global_colors_info=\u00bb{}\u00bb][dsm_animated_gradient_text animated_gradient_text=\u00bbPINTURAS\u00bb animated_gradient_direction=\u00bb-9deg\u00bb heading_html_tag=\u00bbh1&#8243; gradient_one_color=\u00bb#000000&#8243; _builder_version=\u00bb4.24.3&#8243; _module_preset=\u00bbdefault\u00bb header_font=\u00bbABeeZee|700|||||||\u00bb header_text_align=\u00bbcenter\u00bb header_font_size=\u00bb49px\u00bb global_colors_info=\u00bb{}\u00bb][\/dsm_animated_gradient_text][\/et_pb_column][\/et_pb_row][\/et_pb_section][et_pb_section fb_built=\u00bb1&#8243; _builder_version=\u00bb4.24.3&#8243; _module_preset=\u00bbdefault\u00bb custom_padding=\u00bb36px|||||\u00bb global_colors_info=\u00bb{}\u00bb][et_pb_row _builder_version=\u00bb4.25.0&#8243; _module_preset=\u00bbdefault\u00bb animation_style=\u00bbbounce\u00bb global_colors_info=\u00bb{}\u00bb][et_pb_column type=\u00bb4_4&#8243; _builder_version=\u00bb4.24.3&#8243; _module_preset=\u00bbdefault\u00bb global_colors_info=\u00bb{}\u00bb][dsm_masonry_gallery gallery_ids=\u00bb257030,257031,257032,257027,257029,256805,256807,256806,256804,257169,257170,257174&#8243; lazyload=\u00bbon\u00bb use_lightbox=\u00bbon\u00bb use_zoom_on_hover=\u00bbon\u00bb _builder_version=\u00bb4.25.1&#8243; _module_preset=\u00bbdefault\u00bb animation_style=\u00bbslide\u00bb global_colors_info=\u00bb{}\u00bb][\/dsm_masonry_gallery][\/et_pb_column][\/et_pb_row][\/et_pb_section]<\/p>\n","protected":false},"excerpt":{"rendered":"<p><div class=\"et_pb_module dsm_gradient_text dsm_gradient_text_0  et_pb_text_align_center\">\n\t\t\t\t\n\t\t\t\t\n\t\t\t\t\n\t\t\t\t\n\t\t\t\t\n\t\t\t\t\n\t\t\t\t<div class=\"et_pb_module_inner\">\n\t\t\t\t\t<h1 class=\"dsm-gradient-text et_pb_module_header\">Esencia y color de Panam\u00e1 En Taiw\u00e1n<\/h1>\n\t\t\t\t<\/div>\n\t\t\t<\/div>La colecci\u00f3n \u201cEsencia y color de Panam\u00e1 en Taiw\u00e1n\u201d, es el resultado de una grata y emotiva invitaci\u00f3n que me hizo el Dr. Alfredo Martiz, Embajador de Panam\u00e1 en la Rep\u00fablica de Taiw\u00e1n, para que exhibiera mi muestra pict\u00f3rica en este pa\u00eds asi\u00e1tico. Dif\u00edcil fue para m\u00ed encontrar que temas puedo llevar a un pa\u00eds donde el arte es uno de sus principales tesoros. Al reflexionar me dije: Panam\u00e1 tiene la flora y fauna que embellece nuestro suelo tropical, al igual que la alegr\u00eda del paname\u00f1o con sus vistosos colores que adornan los vestidos de nuestro folclor. Todas estas interrogantes me ayudaron a elegir el t\u00edtulo de la exposici\u00f3n, \u201cEsencia y color de Panam\u00e1 en Taiw\u00e1n\u201d Fueron muchos los detalles brindados por los organizadores de este evento cultural que me llenaron de mucha emoci\u00f3n, entre ellos podemos destacar que los transportes colectivos publicitaban la exposici\u00f3n, donde el nombre de Panam\u00e1 s\u00e9 lucia en las calles de esta hermosa ciudad asi\u00e1tica. Otro aspecto importante fue que eligieron un Sitio Hist\u00f3rico Municipal llamado Kishu An para exponer esta muestra pict\u00f3rica, la que le dio realce a esta fiesta con [&hellip;]<\/p>\n","protected":false},"author":1,"featured_media":0,"parent":0,"menu_order":0,"comment_status":"closed","ping_status":"closed","template":"","meta":{"_et_pb_use_builder":"on","_et_pb_old_content":"","_et_gb_content_width":"","footnotes":""},"class_list":["post-256945","page","type-page","status-publish","hentry"],"aioseo_notices":[],"_links":{"self":[{"href":"https:\/\/bertapolo.com\/index.php?rest_route=\/wp\/v2\/pages\/256945","targetHints":{"allow":["GET"]}}],"collection":[{"href":"https:\/\/bertapolo.com\/index.php?rest_route=\/wp\/v2\/pages"}],"about":[{"href":"https:\/\/bertapolo.com\/index.php?rest_route=\/wp\/v2\/types\/page"}],"author":[{"embeddable":true,"href":"https:\/\/bertapolo.com\/index.php?rest_route=\/wp\/v2\/users\/1"}],"replies":[{"embeddable":true,"href":"https:\/\/bertapolo.com\/index.php?rest_route=%2Fwp%2Fv2%2Fcomments&post=256945"}],"version-history":[{"count":41,"href":"https:\/\/bertapolo.com\/index.php?rest_route=\/wp\/v2\/pages\/256945\/revisions"}],"predecessor-version":[{"id":257807,"href":"https:\/\/bertapolo.com\/index.php?rest_route=\/wp\/v2\/pages\/256945\/revisions\/257807"}],"wp:attachment":[{"href":"https:\/\/bertapolo.com\/index.php?rest_route=%2Fwp%2Fv2%2Fmedia&parent=256945"}],"curies":[{"name":"wp","href":"https:\/\/api.w.org\/{rel}","templated":true}]}}